{"id":48,"date":"2026-03-16T14:47:48","date_gmt":"2026-03-16T14:47:48","guid":{"rendered":"https:\/\/lamitre.space\/?page_id=48"},"modified":"2026-03-16T14:47:54","modified_gmt":"2026-03-16T14:47:54","slug":"widerrufsrecht-fuer-verbraucher","status":"publish","type":"page","link":"https:\/\/lamitre.space\/?page_id=48","title":{"rendered":"Widerrufsrecht f\u00fcr Verbraucher"},"content":{"rendered":"\n<p>Verbraucher haben bei Vertr\u00e4gen : die au\u00dferhalb von Gesch\u00e4ftsr\u00e4umen oder im Fernabsatz geschlossen werden : ein gesetzliches Widerrufsrecht. Als Inhaberin von lamitre ist es mir wichtig : dass Sie \u00fcber Ihre Rechte sowie die Bedingungen f\u00fcr einen Widerruf umfassend informiert sind. Sie haben das Recht : binnen vierzehn Tagen ohne Angabe von Gr\u00fcnden diesen Vertrag zu widerrufen. Die Widerrufsfrist betr\u00e4gt vierzehn Tage ab dem Tag des Vertragsabschlusses. Um Ihr Widerrufsrecht auszu\u00fcben : m\u00fcssen Sie Chantal Kilian im Kiefernweg 8 in 53474 Bad Neuenahr Ahrweiler mittels einer eindeutigen Erkl\u00e4rung \u00fcber Ihren Entschluss informieren.<\/p>\n\n\n\n<p>Sie k\u00f6nnen hierf\u00fcr eine formlose Email an connect@lamitre.space senden oder uns per Post kontaktieren. Zur Wahrung der Widerrufsfrist reicht es aus : dass Sie die Mitteilung \u00fcber die Aus\u00fcbung des Widerrufsrechts vor Ablauf der Widerrufsfrist absenden. Wenn Sie diesen Vertrag widerrufen : hat lamitre Ihnen alle Zahlungen : die wir von Ihnen erhalten haben : unverz\u00fcglich sowie sp\u00e4testens binnen vierzehn Tagen ab dem Tag zur\u00fcckzuzahlen : an dem die Mitteilung \u00fcber Ihren Widerruf bei uns eingegangen ist. F\u00fcr diese R\u00fcckzahlung verwenden wir dasselbe Zahlungsmittel : das Sie bei der urspr\u00fcnglichen Transaktion eingesetzt haben.<\/p>\n\n\n\n<p id=\"p-rc_bcc9084b8b80192f-20\">Es gibt jedoch eine wichtige Besonderheit bei handwerklichen Dienstleistungen in Bad Neuenahr Ahrweiler. Wenn Sie verlangt haben : dass die Dienstleistungen w\u00e4hrend der Widerrufsfrist beginnen sollen : so haben Sie uns einen angemessenen Betrag zu za<sup><\/sup>hlen. Dieser Betrag entspricht dem Anteil der bis zu dem Zeitpunkt : zu dem Sie uns von der Aus\u00fcbung des Widerrufsrechts hinsichtlich dieses Vertrags unterrichten : bereits erbrachten Dienstleistungen im Vergleich zum Gesamtumfang der im Vertrag vorgesehenen Dienstleistungen. Das Widerrufsrecht erlischt vorzeitig : wenn lamitre die Dienstleistung vollst\u00e4ndig erbracht hat sowie mit der Ausf\u00fchrung erst begonnen hat : nachdem Sie dazu Ihre ausdr\u00fcckliche Zustimmung gegeben haben.<\/p>\n\n\n\n<p>Besonders bei individuellen Fliesenverlegungen : die nach Ihren spezifischen Ma\u00dfen sowie Materialw\u00fcnschen im Kiefernweg 8 geplant wurden : kann das Widerrufsrecht eingeschr\u00e4nkt sein. Ma\u00dfgefertigte Keramiken oder speziell f\u00fcr Ihr Projekt in Bad Neuenahr Ahrweiler bestellte Materialien k\u00f6nnen oft nicht zur\u00fcckgegeben werden. Ich berate Sie hierzu gerne pers\u00f6nlich : damit keine Missverst\u00e4ndnisse bez\u00fcglich der Stornierung von Auftr\u00e4gen entstehen. Chantal Kilian legt Wert auf eine faire Abwicklung : bei der sowohl Ihre Rechte als Verbraucher als auch meine Aufwendungen als Dienstleister ber\u00fccksichtigt werden.<\/p>\n\n\n\n<p>Sollten Sie Fragen zum Ablauf des Widerrufs oder zur R\u00fcckabwicklung von Anzahlungen haben : stehe ich Ihnen unter connect@lamitre.space zur Verf\u00fcgung. Wir bei lamitre sch\u00e4tzen eine ehrliche Basis f\u00fcr unsere Zusammenarbeit in der Region Bad Neuenahr Ahrweiler. Mein Ziel ist es : Projekte umzusetzen : bei denen ein Widerruf aufgrund vollster Zufriedenheit gar nicht erst in Erw\u00e4gung gezogen wird. Dennoch ist die rechtliche Belehrung ein notwendiger Teil meiner Professionalit\u00e4t als Inhaberin von lamitre. Ihre Sicherheit als Kunde steht im Kiefernweg 8 an erster Stelle.<\/p>\n","protected":false},"excerpt":{"rendered":"<p>Verbraucher haben bei Vertr\u00e4gen : die au\u00dferhalb von Gesch\u00e4ftsr\u00e4umen oder im Fernabsatz geschlossen werden : ein gesetzliches Widerrufsrecht. Als Inhaberin von lamitre ist es mir wichtig : dass Sie \u00fcber Ihre Rechte sowie die Bedingungen f\u00fcr einen Widerruf umfassend informiert sind. Sie haben das Recht : binnen vierzehn Tagen ohne Angabe von Gr\u00fcnden diesen Vertrag [&hellip;]<\/p>\n","protected":false},"author":1,"featured_media":0,"parent":0,"menu_order":8,"comment_status":"closed","ping_status":"closed","template":"","meta":{"footnotes":""},"class_list":["post-48","page","type-page","status-publish","hentry"],"_links":{"self":[{"href":"https:\/\/lamitre.space\/index.php?rest_route=\/wp\/v2\/pages\/48","targetHints":{"allow":["GET"]}}],"collection":[{"href":"https:\/\/lamitre.space\/index.php?rest_route=\/wp\/v2\/pages"}],"about":[{"href":"https:\/\/lamitre.space\/index.php?rest_route=\/wp\/v2\/types\/page"}],"author":[{"embeddable":true,"href":"https:\/\/lamitre.space\/index.php?rest_route=\/wp\/v2\/users\/1"}],"replies":[{"embeddable":true,"href":"https:\/\/lamitre.space\/index.php?rest_route=%2Fwp%2Fv2%2Fcomments&post=48"}],"version-history":[{"count":1,"href":"https:\/\/lamitre.space\/index.php?rest_route=\/wp\/v2\/pages\/48\/revisions"}],"predecessor-version":[{"id":49,"href":"https:\/\/lamitre.space\/index.php?rest_route=\/wp\/v2\/pages\/48\/revisions\/49"}],"wp:attachment":[{"href":"https:\/\/lamitre.space\/index.php?rest_route=%2Fwp%2Fv2%2Fmedia&parent=48"}],"curies":[{"name":"wp","href":"https:\/\/api.w.org\/{rel}","templated":true}]}}