{"id":50,"date":"2026-03-16T14:48:02","date_gmt":"2026-03-16T14:48:02","guid":{"rendered":"https:\/\/lamitre.space\/?page_id=50"},"modified":"2026-03-16T14:48:09","modified_gmt":"2026-03-16T14:48:09","slug":"haftung-und-externe-verweise","status":"publish","type":"page","link":"https:\/\/lamitre.space\/?page_id=50","title":{"rendered":"Haftung und externe Verweise"},"content":{"rendered":"\n<p>Als Betreiberin der Webseite lamitre bin ich f\u00fcr die eigenen Inhalte auf diesen Seiten nach den allgemeinen Gesetzen verantwortlich. Mein Name ist Chantal Kilian und ich erstelle die technischen Informationen im Kiefernweg 8 mit gr\u00f6\u00dfter Sorgfalt. Dennoch kann ich keine Gew\u00e4hr f\u00fcr die st\u00e4ndige Aktualit\u00e4t sowie Vollst\u00e4ndigkeit oder Richtigkeit der bereitgestellten Informationen \u00fcbernehmen. Die Inhalte dienen der allgemeinen Information \u00fcber meine Dienstleistungen in Bad Neuenahr Ahrweiler sowie stellen keine individuelle technische Beratung dar. Jedes Bauvorhaben erfordert eine Pr\u00fcfung der spezifischen Gegebenheiten vor Ort.<\/p>\n\n\n\n<p>Diese Webseite kann Verweise auf externe Webseiten Dritter enthalten : auf deren Inhalte lamitre keinen Einfluss hat. Deshalb kann ich f\u00fcr diese fremden Inhalte auch keine Gew\u00e4hr \u00fcbernehmen. F\u00fcr die Inhalte der verlinkten Seiten ist stets der jeweilige Anbieter oder Betreiber der Seiten verantwortlich. Die verlinkten Seiten wurden zum Zeitpunkt der Verlinkung auf m\u00f6gliche Rechtsverst\u00f6\u00dfe \u00fcberpr\u00fcft. Rechtswidrige Inhalte waren zum Zeitpunkt der Verlinkung nicht erkennbar. Eine permanente inhaltliche Kontrolle der verlinkten Seiten ist jedoch ohne konkrete Anhaltspunkte einer Rechtsverletzung nicht zumutbar. Bei Bekanntwerden von Rechtsverletzungen werde ich derartige Verweise umgehend entfernen.<\/p>\n\n\n\n<p>Die Haftung von lamitre f\u00fcr Sch\u00e4den : die aus der Nutzung oder Nichtnutzung der dargebotenen Informationen entstehen : ist grunds\u00e4tzlich ausgeschlossen : sofern kein nachweislich vors\u00e4tzliches oder grob fahrl\u00e4ssiges Verschulden von Chantal Kilian vorliegt. Dies gilt insbesondere f\u00fcr technische Ratschl\u00e4ge zur Fliesenreinigung oder Materialwahl : die ohne Kenntnis der tats\u00e4chlichen Situation in Bad Neuenahr Ahrweiler angewendet werden. Ich empfehle immer eine pers\u00f6nliche Abstimmung \u00fcber connect@lamitre.space : bevor Sie bauliche Ver\u00e4nderungen oder Reinigungsma\u00dfnahmen auf Basis dieser Texte vornehmen.<\/p>\n\n\n\n<p>Die Urheberrechte an den Inhalten dieser Webseite liegen bei Chantal Kilian oder den namentlich genannten Urhebern. Jede Vervielf\u00e4ltigung sowie Bearbeitung oder Verbreitung von Texten und Bildern : die \u00fcber die Grenzen des Urheberrechtes hinausgeht : bedarf der schriftlichen Zustimmung von lamitre. Downloads sowie Kopien dieser Seite sind nur f\u00fcr den privaten : nicht kommerziellen Gebrauch gestattet. Sollten Sie auf eine Urheberrechtsverletzung aufmerksam werden : bitte ich um einen entsprechenden Hinweis an connect@lamitre.space. Wir im Kiefernweg 8 respektieren das geistige Eigentum Dritter sowie erwarten dies auch f\u00fcr unsere eigenen Fachartikel.<\/p>\n\n\n\n<p>Der Schutz der digitalen Infrastruktur von lamitre ist mir wichtig : dennoch kann keine Garantie f\u00fcr die Virenfreiheit der Webseite \u00fcbernommen werden. Nutzer sollten f\u00fcr eigene Sicherheitsma\u00dfnahmen wie aktuelle Virenscanner sorgen. Chantal Kilian haftet nicht f\u00fcr Sch\u00e4den an Ihrer Hardware oder Software : die durch den Besuch dieser Webseite in Bad Neuenahr Ahrweiler entstehen k\u00f6nnten. Wir f\u00fchren unseren Betrieb im Kiefernweg 8 nach hohen technischen Standards : sowohl auf der Baustelle als auch im digitalen Raum. Transparenz bez\u00fcglich der Haftung ist f\u00fcr lamitre ein Zeichen von Seriosit\u00e4t sowie Professionalit\u00e4t.<\/p>\n","protected":false},"excerpt":{"rendered":"<p>Als Betreiberin der Webseite lamitre bin ich f\u00fcr die eigenen Inhalte auf diesen Seiten nach den allgemeinen Gesetzen verantwortlich. Mein Name ist Chantal Kilian und ich erstelle die technischen Informationen im Kiefernweg 8 mit gr\u00f6\u00dfter Sorgfalt. Dennoch kann ich keine Gew\u00e4hr f\u00fcr die st\u00e4ndige Aktualit\u00e4t sowie Vollst\u00e4ndigkeit oder Richtigkeit der bereitgestellten Informationen \u00fcbernehmen. Die Inhalte [&hellip;]<\/p>\n","protected":false},"author":1,"featured_media":0,"parent":0,"menu_order":9,"comment_status":"closed","ping_status":"closed","template":"","meta":{"footnotes":""},"class_list":["post-50","page","type-page","status-publish","hentry"],"_links":{"self":[{"href":"https:\/\/lamitre.space\/index.php?rest_route=\/wp\/v2\/pages\/50","targetHints":{"allow":["GET"]}}],"collection":[{"href":"https:\/\/lamitre.space\/index.php?rest_route=\/wp\/v2\/pages"}],"about":[{"href":"https:\/\/lamitre.space\/index.php?rest_route=\/wp\/v2\/types\/page"}],"author":[{"embeddable":true,"href":"https:\/\/lamitre.space\/index.php?rest_route=\/wp\/v2\/users\/1"}],"replies":[{"embeddable":true,"href":"https:\/\/lamitre.space\/index.php?rest_route=%2Fwp%2Fv2%2Fcomments&post=50"}],"version-history":[{"count":1,"href":"https:\/\/lamitre.space\/index.php?rest_route=\/wp\/v2\/pages\/50\/revisions"}],"predecessor-version":[{"id":51,"href":"https:\/\/lamitre.space\/index.php?rest_route=\/wp\/v2\/pages\/50\/revisions\/51"}],"wp:attachment":[{"href":"https:\/\/lamitre.space\/index.php?rest_route=%2Fwp%2Fv2%2Fmedia&parent=50"}],"curies":[{"name":"wp","href":"https:\/\/api.w.org\/{rel}","templated":true}]}}